{"id":392,"date":"2023-01-12T08:23:13","date_gmt":"2023-01-12T08:23:13","guid":{"rendered":"https:\/\/maybanhangtudong.evend.vn\/?page_id=392"},"modified":"2023-01-13T04:26:42","modified_gmt":"2023-01-13T04:26:42","slug":"cooperate","status":"publish","type":"page","link":"https:\/\/maybanhangtudong.evend.vn\/us\/cooperate\/","title":{"rendered":"Cooperate Page"},"content":{"rendered":"<main class=\"wp-block-group alignfull site-content has-background is-layout-flow wp-block-group-is-layout-flow\" style=\"background:linear-gradient(180deg,rgb(14,21,31) 0%,rgb(14,21,31) 73%,rgb(249,250,253) 73%,rgb(249,250,253) 100%);margin-top:0\"><div class=\"wp-block-cover alignfull\"><span aria-hidden=\"true\" class=\"wp-block-cover__background has-secondary-background-color has-background-dim-60 has-background-dim\"><\/span><img loading=\"lazy\" decoding=\"async\" width=\"2560\" height=\"810\" class=\"wp-block-cover__image-background wp-image-432\" alt=\"\" src=\"https:\/\/maybanhangtudong.evend.vn\/wp-content\/uploads\/2023\/01\/wed-04-scaled.jpg\" data-object-fit=\"cover\" srcset=\"https:\/\/maybanhangtudong.evend.vn\/wp-content\/uploads\/2023\/01\/wed-04-scaled.jpg 2560w, https:\/\/maybanhangtudong.evend.vn\/wp-content\/uploads\/2023\/01\/wed-04-300x95.jpg 300w, https:\/\/maybanhangtudong.evend.vn\/wp-content\/uploads\/2023\/01\/wed-04-1024x324.jpg 1024w, https:\/\/maybanhangtudong.evend.vn\/wp-content\/uploads\/2023\/01\/wed-04-768x243.jpg 768w, https:\/\/maybanhangtudong.evend.vn\/wp-content\/uploads\/2023\/01\/wed-04-1536x486.jpg 1536w, https:\/\/maybanhangtudong.evend.vn\/wp-content\/uploads\/2023\/01\/wed-04-2048x648.jpg 2048w, https:\/\/maybanhangtudong.evend.vn\/wp-content\/uploads\/2023\/01\/wed-04-18x6.jpg 18w, https:\/\/maybanhangtudong.evend.vn\/wp-content\/uploads\/2023\/01\/wed-04-600x190.jpg 600w\" sizes=\"(max-width: 2560px) 100vw, 2560px\" \/><div class=\"wp-block-cover__inner-container is-layout-flow wp-block-cover-is-layout-flow\"><div class=\"wp-block-group is-style-default has-global-padding is-layout-constrained wp-block-group-is-layout-constrained\"><div style=\"height:88px\" aria-hidden=\"true\" class=\"wp-block-spacer\"><\/div>\n\n<h1 class=\"has-text-align-center has-white-color has-text-color has-max-48-font-size wp-block-heading\">H\u1ee3p t\u00e1c v\u1edbi ch\u00fang t\u00f4i<\/h1>\n\n<div style=\"height:63px\" aria-hidden=\"true\" class=\"wp-block-spacer\"><\/div><\/div><\/div><\/div><\/main><div class=\"wp-block-group is-style-default is-layout-flow wp-block-group-is-layout-flow\"><div class=\"wp-block-group has-global-padding is-layout-constrained wp-block-group-is-layout-constrained\"><div style=\"height:100px\" aria-hidden=\"true\" class=\"wp-block-spacer\"><\/div>\n\n<h2 class=\"has-text-align-center has-max-48-font-size wp-block-heading\" style=\"margin-top:0\">Ch\u00fang t\u00f4i l\u00e0 \u0111\u1ed1i t\u00e1c trong s\u1ef1 ph\u00e1t tri\u1ec3n c\u1ee7a b\u1ea1n<\/h2>\n\n<div style=\"height:100px\" aria-hidden=\"true\" class=\"wp-block-spacer\"><\/div>\n\n<div class=\"wp-block-columns are-vertically-aligned-center is-layout-flex wp-container-core-columns-is-layout-1 wp-block-columns-is-layout-flex\"><div class=\"wp-block-column is-vertically-aligned-center is-layout-flow wp-block-column-is-layout-flow\" style=\"flex-basis:50%\"><figure class=\"wp-block-image size-large\"><img loading=\"lazy\" decoding=\"async\" width=\"1024\" height=\"1024\" src=\"https:\/\/maybanhangtudong.evend.vn\/wp-content\/uploads\/2023\/01\/wed-01-1024x1024.jpg\" alt=\"\" class=\"wp-image-427\" srcset=\"https:\/\/maybanhangtudong.evend.vn\/wp-content\/uploads\/2023\/01\/wed-01-1024x1024.jpg 1024w, https:\/\/maybanhangtudong.evend.vn\/wp-content\/uploads\/2023\/01\/wed-01-300x300.jpg 300w, https:\/\/maybanhangtudong.evend.vn\/wp-content\/uploads\/2023\/01\/wed-01-150x150.jpg 150w, https:\/\/maybanhangtudong.evend.vn\/wp-content\/uploads\/2023\/01\/wed-01-768x768.jpg 768w, https:\/\/maybanhangtudong.evend.vn\/wp-content\/uploads\/2023\/01\/wed-01-12x12.jpg 12w, https:\/\/maybanhangtudong.evend.vn\/wp-content\/uploads\/2023\/01\/wed-01-600x600.jpg 600w, https:\/\/maybanhangtudong.evend.vn\/wp-content\/uploads\/2023\/01\/wed-01-100x100.jpg 100w, https:\/\/maybanhangtudong.evend.vn\/wp-content\/uploads\/2023\/01\/wed-01.jpg 1042w\" sizes=\"(max-width: 1024px) 100vw, 1024px\" \/><\/figure><\/div>\n\n<div class=\"wp-block-column is-vertically-aligned-center is-style-pull-left has-light-background-background-color has-background is-layout-flow wp-block-column-is-layout-flow\" style=\"padding-top:30px;padding-right:30px;padding-bottom:30px;padding-left:30px;flex-basis:50%\"><h2 class=\"has-tertiary-color has-text-color has-x-large-font-size wp-block-heading\">Thu\u00ea m\u00e1y<br><\/h2>\n\n<p style=\"margin-left:0px\">\u0110a d\u1ea1ng v\u00e0 linh ho\u1ea1t trong vi\u1ec7c cho thu\u00ea m\u00e1y b\u00e1n h\u00e0ng t\u1ef1 \u0111\u1ed9ng:<\/p>\n\n<ul class=\"wp-block-list\"><li>Thu\u00ea m\u00e1y d\u00e0i h\u1ea1n \u0111\u1ec3 kinh doanh.<\/li>\n\n<li>Thu\u00ea m\u00e1y ng\u1eafn h\u1ea1n \u0111\u1ec3 th\u1ef1c hi\u1ec7n c\u00e1c ch\u01b0\u01a1ng tr\u00ecnh ti\u1ebfp th\u1ecb nh\u01b0 ph\u00e1t s\u1ea3n ph\u1ea9m d\u00f9ng th\u1eed, th\u1ef1c hi\u1ec7n khuy\u1ebfn m\u00e3i, ra m\u1eaft s\u1ea3n ph\u1ea9m m\u1edbi, \u2026<\/li><\/ul><\/div><\/div>\n\n<div style=\"height:100px\" aria-hidden=\"true\" class=\"wp-block-spacer\"><\/div>\n\n<div class=\"wp-block-columns are-vertically-aligned-center is-layout-flex wp-container-core-columns-is-layout-2 wp-block-columns-is-layout-flex\"><div class=\"wp-block-column is-vertically-aligned-center is-style-pull-right has-light-background-background-color has-background is-layout-flow wp-block-column-is-layout-flow\" style=\"padding-top:30px;padding-right:30px;padding-bottom:30px;padding-left:30px;flex-basis:50%\"><h2 class=\"has-tertiary-color has-text-color has-x-large-font-size wp-block-heading\">Qu\u1ea3ng c\u00e1o<br><\/h2>\n\n<p style=\"margin-left:0px\">C\u00e1c h\u00ecnh th\u1ee9c qu\u1ea3ng c\u00e1o:<\/p>\n\n<ul class=\"wp-block-list\"><li>Qu\u1ea3ng c\u00e1o tr\u00ean m\u00e0n h\u00ecnh LCD m\u00e1y b\u00e1n h\u00e0ng 24\/7.<\/li>\n\n<li>Qu\u1ea3ng c\u00e1o tr\u00ean decal th\u00e2n m\u00e1y.<\/li>\n\n<li>Qu\u1ea3ng c\u00e1o tr\u01b0ng b\u00e0y s\u1ea3n ph\u1ea9m.<\/li><\/ul><\/div>\n\n<div class=\"wp-block-column is-vertically-aligned-center is-layout-flow wp-block-column-is-layout-flow\" style=\"flex-basis:50%\"><figure class=\"wp-block-image size-large\"><img loading=\"lazy\" decoding=\"async\" width=\"1024\" height=\"1012\" src=\"https:\/\/maybanhangtudong.evend.vn\/wp-content\/uploads\/2023\/01\/wed-05-1024x1012.jpg\" alt=\"\" class=\"wp-image-428\" srcset=\"https:\/\/maybanhangtudong.evend.vn\/wp-content\/uploads\/2023\/01\/wed-05-1024x1012.jpg 1024w, https:\/\/maybanhangtudong.evend.vn\/wp-content\/uploads\/2023\/01\/wed-05-300x297.jpg 300w, https:\/\/maybanhangtudong.evend.vn\/wp-content\/uploads\/2023\/01\/wed-05-768x759.jpg 768w, https:\/\/maybanhangtudong.evend.vn\/wp-content\/uploads\/2023\/01\/wed-05-12x12.jpg 12w, https:\/\/maybanhangtudong.evend.vn\/wp-content\/uploads\/2023\/01\/wed-05-600x593.jpg 600w, https:\/\/maybanhangtudong.evend.vn\/wp-content\/uploads\/2023\/01\/wed-05-100x100.jpg 100w, https:\/\/maybanhangtudong.evend.vn\/wp-content\/uploads\/2023\/01\/wed-05.jpg 1053w\" sizes=\"(max-width: 1024px) 100vw, 1024px\" \/><\/figure><\/div><\/div>\n\n<div style=\"height:100px\" aria-hidden=\"true\" class=\"wp-block-spacer\"><\/div>\n\n<div class=\"wp-block-columns are-vertically-aligned-center is-layout-flex wp-container-core-columns-is-layout-3 wp-block-columns-is-layout-flex\"><div class=\"wp-block-column is-vertically-aligned-center is-layout-flow wp-block-column-is-layout-flow\" style=\"flex-basis:50%\"><figure class=\"wp-block-image size-large\"><img loading=\"lazy\" decoding=\"async\" width=\"1024\" height=\"1024\" src=\"https:\/\/maybanhangtudong.evend.vn\/wp-content\/uploads\/2023\/01\/wed-02-1024x1024.jpg\" alt=\"\" class=\"wp-image-430\" srcset=\"https:\/\/maybanhangtudong.evend.vn\/wp-content\/uploads\/2023\/01\/wed-02-1024x1024.jpg 1024w, https:\/\/maybanhangtudong.evend.vn\/wp-content\/uploads\/2023\/01\/wed-02-300x300.jpg 300w, https:\/\/maybanhangtudong.evend.vn\/wp-content\/uploads\/2023\/01\/wed-02-150x150.jpg 150w, https:\/\/maybanhangtudong.evend.vn\/wp-content\/uploads\/2023\/01\/wed-02-768x768.jpg 768w, https:\/\/maybanhangtudong.evend.vn\/wp-content\/uploads\/2023\/01\/wed-02-12x12.jpg 12w, https:\/\/maybanhangtudong.evend.vn\/wp-content\/uploads\/2023\/01\/wed-02-600x600.jpg 600w, https:\/\/maybanhangtudong.evend.vn\/wp-content\/uploads\/2023\/01\/wed-02-100x100.jpg 100w, https:\/\/maybanhangtudong.evend.vn\/wp-content\/uploads\/2023\/01\/wed-02.jpg 1042w\" sizes=\"(max-width: 1024px) 100vw, 1024px\" \/><\/figure><\/div>\n\n<div class=\"wp-block-column is-vertically-aligned-center is-style-pull-left has-light-background-background-color has-background is-layout-flow wp-block-column-is-layout-flow\" style=\"padding-top:30px;padding-right:30px;padding-bottom:30px;padding-left:30px;flex-basis:50%\"><h2 class=\"has-tertiary-color has-text-color has-x-large-font-size wp-block-heading\">\u0110\u1ecba \u0111i\u1ec3m m\u1edf m\u1edbi<br><\/h2>\n\n<p>B\u1ea1n c\u00f3 \u0111\u1ecba \u0111i\u1ec3m ph\u00f9 h\u1ee3p \u0111\u1ec3 tri\u1ec3n khai m\u00e1y b\u00e1n h\u00e0ng? Li\u00ean h\u1ec7 ngay v\u1edbi ch\u00fang t\u00f4i \u0111\u1ec3 h\u1ee3p t\u00e1c \u0111\u1eb7t m\u00e1y b\u00e1n h\u00e0ng t\u1ef1 \u0111\u1ed9ng.<\/p>\n\n<p>G\u1ee3i \u00fd m\u1ed9t s\u1ed1 \u0111\u1ecba \u0111i\u1ec3m ph\u00f9 h\u1ee3p:<\/p>\n\n<ul class=\"wp-block-list\"><li>V\u0103n Ph\u00f2ng \/ Tr\u1ee5 S\u1edf C\u00f4ng Ty<\/li>\n\n<li>Khu c\u00f4ng nghi\u1ec7p<\/li>\n\n<li>Khu D\u00e2n C\u01b0, Chung c\u01b0<\/li>\n\n<li>Tr\u01b0\u1eddng H\u1ecdc &amp; Tr\u01b0\u1eddng \u0110\u1ea1i H\u1ecdc<\/li>\n\n<li>B\u1ec7nh Vi\u1ec7n &amp; Ph\u00f2ng Kh\u00e1m<\/li>\n\n<li>S\u00e2n Bay, Nh\u00e0 Ga, B\u1ebfn T\u00e0u<\/li>\n\n<li>Trung t\u00e2m th\u01b0\u01a1ng m\u1ea1i, khu c\u00f4ng c\u1ed9ng<\/li><\/ul><\/div><\/div>\n\n<div style=\"height:100px\" aria-hidden=\"true\" class=\"wp-block-spacer\"><\/div>\n\n<div class=\"wp-block-columns are-vertically-aligned-center is-layout-flex wp-container-core-columns-is-layout-4 wp-block-columns-is-layout-flex\"><div class=\"wp-block-column is-vertically-aligned-center is-style-pull-right has-light-background-background-color has-background is-layout-flow wp-block-column-is-layout-flow\" style=\"padding-top:30px;padding-right:30px;padding-bottom:30px;padding-left:30px;flex-basis:50%\"><h2 class=\"has-tertiary-color has-text-color has-x-large-font-size wp-block-heading\">Cung \u1ee9ng s\u1ea3n ph\u1ea9m<br><\/h2>\n\n<p style=\"margin-left:0px\">M\u00e1y b\u00e1n h\u00e0ng Evend l\u00e0 k\u00eanh b\u00e1n h\u00e0ng m\u1edbi hi\u1ec7n \u0111\u1ea1i v\u00e0 hi\u1ec7u qu\u1ea3 cho c\u00e1c nh\u00e3n h\u00e0ng, \u0111\u01a1n v\u1ecb ph\u00e2n ph\u1ed1i:<\/p>\n\n<ul class=\"wp-block-list\"><li>Ti\u1ec7n l\u1ee3i v\u00e0 nhanh ch\u00f3ng.<\/li>\n\n<li>Th\u1eddi gian ho\u1ea1t \u0111\u1ed9ng 24\/7.<\/li>\n\n<li>Qu\u1ea3ng c\u00e1o tr\u01b0ng b\u00e0y s\u1ea3n ph\u1ea9m.<\/li>\n\n<li>Thanh to\u00e1n ti\u1ec7n l\u1ee3i, \u0111\u01a1n gi\u1ea3n v\u1edbi \u0111a d\u1ea1ng h\u00ecnh th\u1ee9c thanh to\u00e1n ti\u1ec1n m\u1eb7t, v\u00ed \u0111i\u1ec7n t\u1eed.<\/li><\/ul><\/div>\n\n<div class=\"wp-block-column is-vertically-aligned-center is-layout-flow wp-block-column-is-layout-flow\" style=\"flex-basis:50%\"><figure class=\"wp-block-image aligncenter size-large\"><img loading=\"lazy\" decoding=\"async\" width=\"1024\" height=\"1024\" src=\"https:\/\/maybanhangtudong.evend.vn\/wp-content\/uploads\/2023\/01\/wed-03-1024x1024.jpg\" alt=\"\" class=\"wp-image-431\" srcset=\"https:\/\/maybanhangtudong.evend.vn\/wp-content\/uploads\/2023\/01\/wed-03-1024x1024.jpg 1024w, https:\/\/maybanhangtudong.evend.vn\/wp-content\/uploads\/2023\/01\/wed-03-300x300.jpg 300w, https:\/\/maybanhangtudong.evend.vn\/wp-content\/uploads\/2023\/01\/wed-03-150x150.jpg 150w, https:\/\/maybanhangtudong.evend.vn\/wp-content\/uploads\/2023\/01\/wed-03-768x768.jpg 768w, https:\/\/maybanhangtudong.evend.vn\/wp-content\/uploads\/2023\/01\/wed-03-12x12.jpg 12w, https:\/\/maybanhangtudong.evend.vn\/wp-content\/uploads\/2023\/01\/wed-03-600x600.jpg 600w, https:\/\/maybanhangtudong.evend.vn\/wp-content\/uploads\/2023\/01\/wed-03-100x100.jpg 100w, https:\/\/maybanhangtudong.evend.vn\/wp-content\/uploads\/2023\/01\/wed-03.jpg 1042w\" sizes=\"(max-width: 1024px) 100vw, 1024px\" \/><\/figure><\/div><\/div><\/div><\/div><div style=\"height:100px\" aria-hidden=\"true\" class=\"wp-block-spacer\"><\/div><div class=\"wp-block-group has-global-padding is-layout-constrained wp-block-group-is-layout-constrained\"><div class=\"wp-block-group is-layout-flow wp-block-group-is-layout-flow\"><div style=\"height:0px\" aria-hidden=\"true\" class=\"wp-block-spacer\"><\/div><\/div><\/div><div style=\"height:0px\" aria-hidden=\"true\" class=\"wp-block-spacer\"><\/div><div style=\"height:100px\" aria-hidden=\"true\" class=\"wp-block-spacer\"><\/div><p><\/p>","protected":false},"excerpt":{"rendered":"<p>Ch\u00fang t\u00f4i l\u00e0 \u0111\u1ed1i t\u00e1c trong s\u1ef1 ph\u00e1t tri\u1ec3n c\u1ee7a b\u1ea1n Thu\u00ea m\u00e1y \u0110a d\u1ea1ng v\u00e0 linh ho\u1ea1t trong vi\u1ec7c cho thu\u00ea m\u00e1y b\u00e1n h\u00e0ng t\u1ef1 \u0111\u1ed9ng: Qu\u1ea3ng c\u00e1o C\u00e1c h\u00ecnh th\u1ee9c qu\u1ea3ng c\u00e1o: \u0110\u1ecba \u0111i\u1ec3m m\u1edf m\u1edbi B\u1ea1n c\u00f3 \u0111\u1ecba \u0111i\u1ec3m ph\u00f9 h\u1ee3p \u0111\u1ec3 tri\u1ec3n khai m\u00e1y b\u00e1n h\u00e0ng? Li\u00ean h\u1ec7 ngay v\u1edbi ch\u00fang [&hellip;]<\/p>\n","protected":false},"author":1,"featured_media":0,"parent":0,"menu_order":0,"comment_status":"closed","ping_status":"closed","template":"no-title","meta":{"footnotes":""},"class_list":["post-392","page","type-page","status-publish","hentry"],"translation":{"provider":"WPGlobus","version":"3.0.0","language":"us","enabled_languages":["vi","us"],"languages":{"vi":{"title":true,"content":true,"excerpt":false},"us":{"title":false,"content":false,"excerpt":false}}},"_links":{"self":[{"href":"https:\/\/maybanhangtudong.evend.vn\/us\/wp-json\/wp\/v2\/pages\/392"}],"collection":[{"href":"https:\/\/maybanhangtudong.evend.vn\/us\/wp-json\/wp\/v2\/pages"}],"about":[{"href":"https:\/\/maybanhangtudong.evend.vn\/us\/wp-json\/wp\/v2\/types\/page"}],"author":[{"embeddable":true,"href":"https:\/\/maybanhangtudong.evend.vn\/us\/wp-json\/wp\/v2\/users\/1"}],"replies":[{"embeddable":true,"href":"https:\/\/maybanhangtudong.evend.vn\/us\/wp-json\/wp\/v2\/comments?post=392"}],"version-history":[{"count":24,"href":"https:\/\/maybanhangtudong.evend.vn\/us\/wp-json\/wp\/v2\/pages\/392\/revisions"}],"predecessor-version":[{"id":433,"href":"https:\/\/maybanhangtudong.evend.vn\/us\/wp-json\/wp\/v2\/pages\/392\/revisions\/433"}],"wp:attachment":[{"href":"https:\/\/maybanhangtudong.evend.vn\/us\/wp-json\/wp\/v2\/media?parent=392"}],"curies":[{"name":"wp","href":"https:\/\/api.w.org\/{rel}","templated":true}]}}