{"id":223,"date":"2023-01-10T04:30:29","date_gmt":"2023-01-10T04:30:29","guid":{"rendered":"https:\/\/maybanhangtudong.evend.vn\/?page_id=223"},"modified":"2025-07-23T16:41:39","modified_gmt":"2025-07-23T09:41:39","slug":"contact","status":"publish","type":"page","link":"https:\/\/maybanhangtudong.evend.vn\/us\/contact\/","title":{"rendered":"Th\u00f4ng Tin Li\u00ean H\u1ec7"},"content":{"rendered":"\t\t<div data-elementor-type=\"wp-page\" data-elementor-id=\"223\" class=\"elementor elementor-223\">\n\t\t\t\t<div class=\"elementor-element elementor-element-34c1c1b8 e-flex e-con-boxed e-con e-parent\" data-id=\"34c1c1b8\" data-element_type=\"container\">\n\t\t\t\t\t<div class=\"e-con-inner\">\n\t\t\t\t<div class=\"elementor-element elementor-element-6524d155 elementor-widget elementor-widget-text-editor\" data-id=\"6524d155\" data-element_type=\"widget\" data-widget_type=\"text-editor.default\">\n\t\t\t\t<div class=\"elementor-widget-container\">\n\t\t\t\t\t\t\t\t\t<p><\/p>\n<p>\u00a0<\/p>\n<p>\u00a0<\/p>\n<main class=\"wp-block-group alignfull site-content has-background has-global-padding is-layout-constrained wp-block-group-is-layout-constrained\" style=\"background: linear-gradient(180deg,#0e151f 0%,#0e151f 73%,#f9fafd 73%,#f9fafd 100%); margin-top: 0;\"><p>\u00a0<\/p>\n<div class=\"wp-block-cover alignfull\">\n<p><img decoding=\"async\" class=\"wp-block-cover__image-background wp-image-5614\" src=\"https:\/\/maybanhangtudong.evend.vn\/wp-content\/themes\/uniblock\/assets\/images\/Rectangle-49.png\" alt=\"\" data-object-fit=\"cover\" \/><\/p>\n<div class=\"wp-block-cover__inner-container is-layout-flow wp-block-cover-is-layout-flow\">\n<p><\/p>\n<div class=\"wp-block-group is-style-default has-global-padding is-layout-constrained wp-container-core-group-is-layout-3 wp-block-group-is-layout-constrained\">\n<p><\/p>\n<div class=\"wp-block-spacer\" style=\"height: 88px;\" aria-hidden=\"true\">\u00a0<\/div>\n<p><\/p>\n<p><\/p>\n<\/div>\n<div class=\"quote\" style=\"background: rgba(124,206,209, 0.5); z-index: 22; border-radius: 15px;\">\n<p class=\"has-text-align-center has-text-color has-background has-space-grotesk-font-family\" style=\"font-style: normal; font-weight: 600; font-size: 20px;\">CTY TNHH ENERGY SERVICES<br \/>\u0110\u1ecba ch\u1ec9: 8\/11B \u0110\u01b0\u1eddng 49B, Ph\u01b0\u1eddng An Kh\u00e1nh Th\u00e0nh ph\u1ed1 H\u1ed3 Ch\u00ed Minh <br \/>Hotline: 19003101\u00a0<span style=\"color: inherit;\">\u00a0Email: marketing@evend.vn<\/span><\/p>\n<\/div>\n<div><script defer=\"\" src=\"https:\/\/use.fontawesome.com\/releases\/v5.15.4\/js\/solid.js\" integrity=\"sha384-\/BxOvRagtVDn9dJ+JGCtcofNXgQO\/CCCVKdMfL115s3gOgQxWaX\/tSq5V8dRgsbc\" crossorigin=\"anonymous\"><\/script><\/div>\n<div><script defer=\"\" src=\"https:\/\/use.fontawesome.com\/releases\/v5.15.4\/js\/fontawesome.js\" integrity=\"sha384-dPBGbj4Uoy1OOpM4+aRGfAOc0W37JkROT+3uynUgTHZCHZNMHfGXsmmvYTffZjYO\" crossorigin=\"anonymous\"><\/script><\/div>\n<p><\/p>\n<p><\/p>\n<div class=\"wp-block-spacer\" style=\"height: 63px;\" aria-hidden=\"true\">\u00a0<\/div>\n<p><\/p>\n<\/div>\n<p><\/p>\n<\/div>\n<p><\/p>\n<p>\u00a0<\/p>\n<p>\u00a0<\/p>\n<\/main><p>\u00a0<\/p>\n<div class=\"wp-block-group is-style-default\" style=\"padding-top: var(--wp--preset--spacing--80); padding-bottom: var(--wp--preset--spacing--80);\">\n<div class=\"wp-block-group\">\n<p><!-- \/wp:spacer --><\/p>\n<p><!-- wp:columns {\"style\":{\"spacing\":{\"padding\":{\"top\":\"0\",\"right\":\"0\",\"bottom\":\"0\",\"left\":\"0\"}}}} --><\/p>\n<div class=\"wp-block-columns\" style=\"padding: 0;\">\n<p><!-- wp:column {\"verticalAlignment\":\"center\",\"width\":\"50%\",\"style\":{\"spacing\":{\"padding\":{\"right\":\"7%\"}}},\"layout\":{\"type\":\"default\"}} --><\/p>\n<div class=\"wp-block-column is-vertically-aligned-center\" style=\"padding-right: 7%; flex-basis: 50%;\">\n<p><!-- wp:heading {\"level\":1,\"style\":{\"typography\":{\"fontSize\":\"18px\"}},\"textColor\":\"black\"} --><\/p>\n<h1 class=\"wp-block-heading has-black-color has-text-color\" style=\"font-size: 18px;\"><strong><a href=\"http:\/\/evend.vn\" target=\"_blank\" rel=\"noopener\">Evend<\/a> \u2013 Gi\u1ea3i ph\u00e1p m\u00e1y b\u00e1n h\u00e0ng t\u1ef1 \u0111\u1ed9ng \u0111\u00e1ng tin c\u1eady cho m\u1ecdi m\u00f4 h\u00ecnh kinh doanh.<\/strong><\/h1>\n<p><!-- \/wp:heading --><\/p>\n<p><!-- wp:paragraph --><\/p>\n<p><!-- \/wp:paragraph --><\/p>\n<p><!-- wp:heading {\"style\":{\"typography\":{\"fontSize\":\"18px\"}},\"textColor\":\"black\"} --><\/p>\n<p class=\"wp-block-heading has-black-color has-text-color\" style=\"font-size: 18px;\">T\u1ea1i Evend, ch\u00fang t\u00f4i cam k\u1ebft mang \u0111\u1ebfn d\u1ecbch v\u1ee5 kh\u00e1ch h\u00e0ng xu\u1ea5t s\u1eafc v\u00e0 c\u00e1c gi\u1ea3i ph\u00e1p m\u00e1y b\u00e1n h\u00e0ng t\u1ef1 \u0111\u1ed9ng ch\u1ea5t l\u01b0\u1ee3ng cao, ph\u00f9 h\u1ee3p v\u1edbi nhi\u1ec1u nhu c\u1ea7u kh\u00e1c nhau. D\u00f9 b\u1ea1n \u0111ang b\u1eaft \u0111\u1ea7u m\u00f4 h\u00ecnh kinh doanh b\u00e1n h\u00e0ng t\u1ef1 \u0111\u1ed9ng hay mu\u1ed1n trang b\u1ecb m\u00e1y b\u00e1n h\u00e0ng cho v\u0103n ph\u00f2ng, Evend lu\u00f4n s\u1eb5n s\u00e0ng \u0111\u1ed3ng h\u00e0nh \u0111\u1ec3 gi\u00fap b\u1ea1n l\u1ef1a ch\u1ecdn thi\u1ebft b\u1ecb ph\u00f9 h\u1ee3p v\u1edbi ng\u00e2n s\u00e1ch v\u00e0 \u0111\u1ecbnh h\u01b0\u1edbng ph\u00e1t tri\u1ec3n kinh doanh c\u1ee7a m\u00ecnh.<\/p>\n<p><!-- \/wp:heading --><\/p>\n<p><!-- wp:heading {\"style\":{\"typography\":{\"fontSize\":\"18px\"}},\"textColor\":\"black\"} --><\/p>\n<h2 class=\"wp-block-heading has-black-color has-text-color\" style=\"font-size: 18px;\"><strong>Ch\u00fang t\u00f4i cung c\u1ea5p \u0111a d\u1ea1ng d\u00f2ng s\u1ea3n ph\u1ea9m:<\/strong><\/h2>\n<p><!-- \/wp:heading --><\/p>\n<p><!-- wp:list --><\/p>\n<ul class=\"wp-block-list\">\n<li style=\"list-style-type: none;\">\n<ul class=\"wp-block-list\"><!-- wp:list-item --><\/ul>\n<\/li>\n<\/ul>\n<ul class=\"wp-block-list\">\n<li style=\"list-style-type: none;\">\n<ul class=\"wp-block-list\">\n<li><strong>M\u00e1y b\u00e1n h\u00e0ng t\u1ef1 \u0111\u1ed9ng \u0111a n\u0103ng (k\u1ebft h\u1ee3p nhi\u1ec1u lo\u1ea1i s\u1ea3n ph\u1ea9m)<\/strong><\/li>\n<\/ul>\n<\/li>\n<\/ul>\n<p><!-- \/wp:list-item --><\/p>\n<p><!-- wp:list-item --><\/p>\n<ul class=\"wp-block-list\">\n<li style=\"list-style-type: none;\">\n<ul class=\"wp-block-list\">\n<li><strong>M\u00e1y b\u00e1n n\u01b0\u1edbc gi\u1ea3i kh\u00e1t<\/strong><\/li>\n<\/ul>\n<\/li>\n<\/ul>\n<p><!-- \/wp:list-item --><\/p>\n<p><!-- wp:list-item --><\/p>\n<ul class=\"wp-block-list\">\n<li style=\"list-style-type: none;\">\n<ul class=\"wp-block-list\">\n<li><strong>M\u00e1y b\u00e1n \u0111\u1ed3 \u0103n nh\u1eb9<\/strong><\/li>\n<\/ul>\n<\/li>\n<\/ul>\n<p><!-- \/wp:list-item --><\/p>\n<p><!-- wp:list-item --><\/p>\n<ul class=\"wp-block-list\">\n<li style=\"list-style-type: none;\">\n<ul class=\"wp-block-list\">\n<li><strong>M\u00e1y b\u00e1n l\u1ebb chuy\u00ean d\u1ee5ng<\/strong><\/li>\n<\/ul>\n<\/li>\n<\/ul>\n<p><!-- \/wp:list-item --><\/p>\n<p><!-- \/wp:list --><\/p>\n<p><!-- wp:paragraph --><\/p>\n<p><!-- \/wp:paragraph --><\/p>\n<p><!-- wp:paragraph --><\/p>\n<p><!-- \/wp:paragraph --><\/p>\n<p><!-- wp:heading {\"style\":{\"typography\":{\"fontSize\":\"18px\"}},\"textColor\":\"black\"} --><\/p>\n<h2 class=\"wp-block-heading has-black-color has-text-color\" style=\"font-size: 18px;\"><strong>H\u00e3y b\u1eaft \u0111\u1ea7u h\u00e0nh tr\u00ecnh kinh doanh c\u1ee7a b\u1ea1n v\u1edbi Evend ngay h\u00f4m nay.<\/strong><\/h2>\n<p><!-- \/wp:heading --><\/p>\n<p><!-- wp:paragraph --><\/p>\n<p><strong>N\u1ebfu b\u1ea1n c\u1ea7n t\u01b0 v\u1ea5n th\u00eam v\u1ec1 thi\u1ebft b\u1ecb, gi\u1ea3i ph\u00e1p t\u00e0i ch\u00ednh ho\u1eb7c c\u00e1c v\u1ea5n \u0111\u1ec1 li\u00ean quan \u0111\u1ebfn v\u1eadn h\u00e0nh, vui l\u00f2ng li\u00ean h\u1ec7 v\u1edbi ch\u00fang t\u00f4i qua th\u00f4ng tin b\u00ean d\u01b0\u1edbi ho\u1eb7c \u0111i\u1ec1n v\u00e0o Bi\u1ec3u m\u1eabu li\u00ean h\u1ec7. \u0110\u1ed9i ng\u0169 Evend r\u1ea5t mong \u0111\u01b0\u1ee3c l\u1eafng nghe v\u00e0 \u0111\u1ed3ng h\u00e0nh c\u00f9ng b\u1ea1n.<\/strong><\/p>\n<p><!-- \/wp:paragraph --><\/p>\n<p><!-- wp:paragraph --><\/p>\n<p>\u00a0<\/p>\n<p><!-- \/wp:paragraph --><\/p>\n<\/div>\n<p><!-- \/wp:column --><\/p>\n<p><!-- wp:column {\"verticalAlignment\":\"center\",\"width\":\"50%\",\"layout\":{\"type\":\"default\"}} --><\/p>\n<div class=\"wp-block-column is-vertically-aligned-center\" style=\"flex-basis: 50%;\">\n<p><!-- wp:contact-form-7\/contact-form-selector {\"id\":756,\"title\":\"Contact form 1\"} --><\/p>\n<div class=\"wp-block-contact-form-7-contact-form-selector\">\n<div class=\"wpcf7 no-js\" id=\"wpcf7-f756-o1\" lang=\"en-US\" dir=\"ltr\">\n<div class=\"screen-reader-response\"><p role=\"status\" aria-live=\"polite\" aria-atomic=\"true\"><\/p> <ul><\/ul><\/div>\n<form action=\"\/us\/wp-json\/wp\/v2\/pages\/223#wpcf7-f756-o1\" method=\"post\" class=\"wpcf7-form init\" aria-label=\"Contact form\" novalidate=\"novalidate\" data-status=\"init\">\n<div style=\"display: none;\">\n<input type=\"hidden\" name=\"_wpcf7\" value=\"756\" \/>\n<input type=\"hidden\" name=\"_wpcf7_version\" value=\"5.9.8\" \/>\n<input type=\"hidden\" name=\"_wpcf7_locale\" value=\"en_US\" \/>\n<input type=\"hidden\" name=\"_wpcf7_unit_tag\" value=\"wpcf7-f756-o1\" \/>\n<input type=\"hidden\" name=\"_wpcf7_container_post\" value=\"0\" \/>\n<input type=\"hidden\" name=\"_wpcf7_posted_data_hash\" value=\"\" \/>\n<input type=\"hidden\" name=\"_wpcf7_recaptcha_response\" value=\"\" \/>\n<\/div>\n<p><label> Name<br \/>\n<span class=\"wpcf7-form-control-wrap\" data-name=\"your-name\"><input size=\"40\" maxlength=\"400\" class=\"wpcf7-form-control wpcf7-text wpcf7-validates-as-required\" autocomplete=\"name\" aria-required=\"true\" aria-invalid=\"false\" value=\"\" type=\"text\" name=\"your-name\" \/><\/span> <\/label>\n<\/p>\n<p><label> Email<br \/>\n<span class=\"wpcf7-form-control-wrap\" data-name=\"your-email\"><input size=\"40\" maxlength=\"400\" class=\"wpcf7-form-control wpcf7-email wpcf7-validates-as-required wpcf7-text wpcf7-validates-as-email\" autocomplete=\"email\" aria-required=\"true\" aria-invalid=\"false\" value=\"\" type=\"email\" name=\"your-email\" \/><\/span> <\/label>\n<\/p>\n<p><label> Subject<br \/>\n<span class=\"wpcf7-form-control-wrap\" data-name=\"your-subject\"><input size=\"40\" maxlength=\"400\" class=\"wpcf7-form-control wpcf7-text wpcf7-validates-as-required\" aria-required=\"true\" aria-invalid=\"false\" value=\"\" type=\"text\" name=\"your-subject\" \/><\/span> <\/label>\n<\/p>\n<p><label> Message<br \/>\n<span class=\"wpcf7-form-control-wrap\" data-name=\"your-message\"><textarea cols=\"40\" rows=\"10\" maxlength=\"2000\" class=\"wpcf7-form-control wpcf7-textarea\" aria-invalid=\"false\" name=\"your-message\"><\/textarea><\/span> <\/label>\n<\/p>\n<p><input class=\"wpcf7-form-control wpcf7-submit has-spinner\" type=\"submit\" value=\"Submit\" \/>\n<\/p><div class=\"wpcf7-response-output\" aria-hidden=\"true\"><\/div>\n<\/form>\n<\/div>\n<\/div>\n<p><!-- \/wp:contact-form-7\/contact-form-selector --><\/p>\n<\/div>\n<p><!-- \/wp:column --><\/p>\n<\/div>\n<p><!-- \/wp:columns --><\/p>\n<p><!-- wp:spacer {\"height\":\"51px\"} --><\/p>\n<div class=\"wp-block-spacer\" style=\"height: 51px;\" aria-hidden=\"true\">\u00a0<\/div>\n<p><!-- \/wp:spacer --><\/p>\n<\/div>\n<p><!-- \/wp:group --><\/p>\n<\/div>\n<p><!-- \/wp:group --><\/p>\n<p><!-- wp:group {\"align\":\"full\",\"layout\":{\"type\":\"constrained\"}} --><\/p>\n<div class=\"wp-block-group alignfull\">\u00a0<\/div>\n<p><!-- \/wp:group --><\/p>\t\t\t\t\t\t\t\t<\/div>\n\t\t\t\t<\/div>\n\t\t\t\t\t<\/div>\n\t\t\t\t<\/div>\t\t<\/div>\n\t\t","protected":false},"excerpt":{"rendered":"<p>\u00a0 Evend \u2013 Gi\u1ea3i ph\u00e1p m\u00e1y b\u00e1n h\u00e0ng t\u1ef1 \u0111\u1ed9ng \u0111\u00e1ng tin c\u1eady cho m\u1ecdi m\u00f4 h\u00ecnh kinh doanh. T\u1ea1i Evend, ch\u00fang t\u00f4i cam k\u1ebft mang \u0111\u1ebfn d\u1ecbch v\u1ee5 kh\u00e1ch h\u00e0ng xu\u1ea5t s\u1eafc v\u00e0 c\u00e1c gi\u1ea3i ph\u00e1p m\u00e1y b\u00e1n h\u00e0ng t\u1ef1 \u0111\u1ed9ng ch\u1ea5t l\u01b0\u1ee3ng cao, ph\u00f9 h\u1ee3p v\u1edbi nhi\u1ec1u nhu c\u1ea7u kh\u00e1c nhau. D\u00f9 b\u1ea1n [&hellip;]<\/p>\n","protected":false},"author":1,"featured_media":0,"parent":0,"menu_order":0,"comment_status":"closed","ping_status":"closed","template":"no-title","meta":{"footnotes":""},"class_list":["post-223","page","type-page","status-publish","hentry"],"translation":{"provider":"WPGlobus","version":"3.0.0","language":"us","enabled_languages":["vi","us"],"languages":{"vi":{"title":true,"content":true,"excerpt":false},"us":{"title":false,"content":false,"excerpt":false}}},"_links":{"self":[{"href":"https:\/\/maybanhangtudong.evend.vn\/us\/wp-json\/wp\/v2\/pages\/223"}],"collection":[{"href":"https:\/\/maybanhangtudong.evend.vn\/us\/wp-json\/wp\/v2\/pages"}],"about":[{"href":"https:\/\/maybanhangtudong.evend.vn\/us\/wp-json\/wp\/v2\/types\/page"}],"author":[{"embeddable":true,"href":"https:\/\/maybanhangtudong.evend.vn\/us\/wp-json\/wp\/v2\/users\/1"}],"replies":[{"embeddable":true,"href":"https:\/\/maybanhangtudong.evend.vn\/us\/wp-json\/wp\/v2\/comments?post=223"}],"version-history":[{"count":66,"href":"https:\/\/maybanhangtudong.evend.vn\/us\/wp-json\/wp\/v2\/pages\/223\/revisions"}],"predecessor-version":[{"id":1575,"href":"https:\/\/maybanhangtudong.evend.vn\/us\/wp-json\/wp\/v2\/pages\/223\/revisions\/1575"}],"wp:attachment":[{"href":"https:\/\/maybanhangtudong.evend.vn\/us\/wp-json\/wp\/v2\/media?parent=223"}],"curies":[{"name":"wp","href":"https:\/\/api.w.org\/{rel}","templated":true}]}}