{"id":1911,"date":"2025-09-05T13:41:26","date_gmt":"2025-09-05T06:41:26","guid":{"rendered":"https:\/\/maybanhangtudong.evend.vn\/?page_id=1911"},"modified":"2025-09-11T16:28:57","modified_gmt":"2025-09-11T09:28:57","slug":"du-an","status":"publish","type":"page","link":"https:\/\/maybanhangtudong.evend.vn\/us\/tin-tuc\/du-an\/","title":{"rendered":"D\u1ef0 \u00c1N"},"content":{"rendered":"\t\t<div data-elementor-type=\"wp-page\" data-elementor-id=\"1911\" class=\"elementor elementor-1911\">\n\t\t\t\t\t\t<section class=\"elementor-section elementor-top-section elementor-element elementor-element-42afa6f8 elementor-section-height-min-height elementor-section-stretched elementor-section-boxed elementor-section-height-default elementor-section-items-middle\" data-id=\"42afa6f8\" data-element_type=\"section\" data-settings=\"{&quot;background_background&quot;:&quot;slideshow&quot;,&quot;stretch_section&quot;:&quot;section-stretched&quot;,&quot;background_slideshow_gallery&quot;:[],&quot;background_slideshow_loop&quot;:&quot;yes&quot;,&quot;background_slideshow_slide_duration&quot;:5000,&quot;background_slideshow_slide_transition&quot;:&quot;fade&quot;,&quot;background_slideshow_transition_duration&quot;:500}\">\n\t\t\t\t\t\t\t<div class=\"elementor-background-overlay\"><\/div>\n\t\t\t\t\t\t\t<div class=\"elementor-container elementor-column-gap-default\">\n\t\t\t\t\t<div class=\"elementor-column elementor-col-50 elementor-top-column elementor-element elementor-element-4a2565c6\" data-id=\"4a2565c6\" data-element_type=\"column\">\n\t\t\t<div class=\"elementor-widget-wrap elementor-element-populated\">\n\t\t\t\t\t\t<div class=\"elementor-element elementor-element-7397e735 elementor-widget elementor-widget-heading\" data-id=\"7397e735\" data-element_type=\"widget\" data-widget_type=\"heading.default\">\n\t\t\t\t<div class=\"elementor-widget-container\">\n\t\t\t\t\t<h3 class=\"elementor-heading-title elementor-size-default\">Xu h\u01b0\u1edbng, C\u00f4ng ngh\u1ec7, Tin t\u1ee9c<\/h3>\t\t\t\t<\/div>\n\t\t\t\t<\/div>\n\t\t\t\t<div class=\"elementor-element elementor-element-650b387f elementor-widget elementor-widget-heading\" data-id=\"650b387f\" data-element_type=\"widget\" data-widget_type=\"heading.default\">\n\t\t\t\t<div class=\"elementor-widget-container\">\n\t\t\t\t\t<h1 class=\"elementor-heading-title elementor-size-default\">EVEND Vi\u1ec7t Nam<\/h1>\t\t\t\t<\/div>\n\t\t\t\t<\/div>\n\t\t\t\t<div class=\"elementor-element elementor-element-43e76cb elementor-widget elementor-widget-text-editor\" data-id=\"43e76cb\" data-element_type=\"widget\" data-widget_type=\"text-editor.default\">\n\t\t\t\t<div class=\"elementor-widget-container\">\n\t\t\t\t\t\t\t\t\t<p data-start=\"187\" data-end=\"412\"><strong data-start=\"187\" data-end=\"219\">Trang tin t\u1ee9c EVEND Vi\u1ec7t Nam<\/strong> l\u00e0 k\u00eanh th\u00f4ng tin ch\u00ednh th\u1ee9c c\u1ee7a <strong data-start=\"253\" data-end=\"331\">EVEND \u2013 \u0111\u01a1n v\u1ecb cung c\u1ea5p gi\u1ea3i ph\u00e1p m\u00e1y b\u00e1n h\u00e0ng t\u1ef1 \u0111\u1ed9ng t\u1ea1i Vi\u1ec7t Nam<\/strong>. T\u1ea1i \u0111\u00e2y, b\u1ea1n c\u00f3 th\u1ec3 c\u1eadp nh\u1eadt nhanh ch\u00f3ng v\u00e0 \u0111\u1ea7y \u0111\u1ee7 nh\u1eefng tin t\u1ee9c m\u1edbi nh\u1ea5t v\u1ec1:<\/p><ul data-start=\"414\" data-end=\"945\"><li data-start=\"414\" data-end=\"533\"><p data-start=\"416\" data-end=\"533\"><strong data-start=\"416\" data-end=\"464\">Xu h\u01b0\u1edbng vending machine trong v\u00e0 ngo\u00e0i n\u01b0\u1edbc<\/strong>: C\u00f4ng ngh\u1ec7 m\u1edbi, gi\u1ea3i ph\u00e1p th\u00f4ng minh, m\u00f4 h\u00ecnh kinh doanh hi\u1ec7u qu\u1ea3.<\/p><\/li><li data-start=\"534\" data-end=\"661\"><p data-start=\"536\" data-end=\"661\"><strong data-start=\"536\" data-end=\"569\">Ho\u1ea1t \u0111\u1ed9ng &amp; s\u1ef1 ki\u1ec7n c\u1ee7a EVEND<\/strong>: Khai tr\u01b0\u01a1ng \u0111i\u1ec3m \u0111\u1eb7t m\u00e1y, h\u1ee3p t\u00e1c th\u01b0\u01a1ng hi\u1ec7u, ch\u01b0\u01a1ng tr\u00ecnh khuy\u1ebfn m\u00e3i \u2013 \u01b0u \u0111\u00e3i h\u1ea5p d\u1eabn.<\/p><\/li><li data-start=\"662\" data-end=\"832\"><p data-start=\"664\" data-end=\"832\"><strong data-start=\"664\" data-end=\"704\">Gi\u1ea3i ph\u00e1p cho doanh nghi\u1ec7p &amp; c\u00e1 nh\u00e2n<\/strong>: Thu\u00ea m\u00e1y b\u00e1n h\u00e0ng t\u1ef1 \u0111\u1ed9ng, qu\u1ea3ng c\u00e1o tr\u00ean m\u00e1y, tr\u01b0ng b\u00e0y s\u1ea3n ph\u1ea9m m\u1eabu, gi\u00fap t\u1ed1i \u01b0u chi ph\u00ed v\u00e0 t\u0103ng \u0111\u1ed9 nh\u1eadn di\u1ec7n th\u01b0\u01a1ng hi\u1ec7u.<\/p><\/li><li data-start=\"833\" data-end=\"945\"><p data-start=\"835\" data-end=\"945\"><strong data-start=\"835\" data-end=\"870\">C\u00e2u chuy\u1ec7n kh\u00e1ch h\u00e0ng &amp; \u0111\u1ed1i t\u00e1c<\/strong>: Nh\u1eefng tr\u1ea3i nghi\u1ec7m th\u1ef1c t\u1ebf v\u00e0 minh ch\u1ee9ng v\u1ec1 hi\u1ec7u qu\u1ea3 khi l\u1ef1a ch\u1ecdn EVEND.<\/p><\/li><\/ul>\t\t\t\t\t\t\t\t<\/div>\n\t\t\t\t<\/div>\n\t\t\t\t\t<\/div>\n\t\t<\/div>\n\t\t\t\t<div class=\"elementor-column elementor-col-50 elementor-top-column elementor-element elementor-element-5c47553d\" data-id=\"5c47553d\" data-element_type=\"column\">\n\t\t\t<div class=\"elementor-widget-wrap\">\n\t\t\t\t\t\t\t<\/div>\n\t\t<\/div>\n\t\t\t\t\t<\/div>\n\t\t<\/section>\n\t\t\t\t<section class=\"elementor-section elementor-top-section elementor-element elementor-element-6c5b2c8e elementor-section-boxed elementor-section-height-default elementor-section-height-default\" data-id=\"6c5b2c8e\" data-element_type=\"section\">\n\t\t\t\t\t\t<div class=\"elementor-container elementor-column-gap-default\">\n\t\t\t\t\t<div class=\"elementor-column elementor-col-100 elementor-top-column elementor-element elementor-element-56119119\" data-id=\"56119119\" data-element_type=\"column\">\n\t\t\t<div class=\"elementor-widget-wrap elementor-element-populated\">\n\t\t\t\t\t\t<div class=\"elementor-element elementor-element-34ae454f elementor-widget-divider--view-line elementor-widget elementor-widget-divider\" data-id=\"34ae454f\" data-element_type=\"widget\" data-widget_type=\"divider.default\">\n\t\t\t\t<div class=\"elementor-widget-container\">\n\t\t\t\t\t\t\t<div class=\"elementor-divider\">\n\t\t\t<span class=\"elementor-divider-separator\">\n\t\t\t\t\t\t<\/span>\n\t\t<\/div>\n\t\t\t\t\t\t<\/div>\n\t\t\t\t<\/div>\n\t\t\t\t<div class=\"elementor-element elementor-element-2d81c85a animated-fast elementor-invisible elementor-widget elementor-widget-heading\" data-id=\"2d81c85a\" data-element_type=\"widget\" data-settings=\"{&quot;_animation&quot;:&quot;fadeIn&quot;}\" data-widget_type=\"heading.default\">\n\t\t\t\t<div class=\"elementor-widget-container\">\n\t\t\t\t\t<h2 class=\"elementor-heading-title elementor-size-default\">D\u1ef1 \u00c1n Th\u1ef1c T\u1ebf \u0110\u00e3 Tri\u1ec3n Khai <\/h2>\t\t\t\t<\/div>\n\t\t\t\t<\/div>\n\t\t\t\t\t<\/div>\n\t\t<\/div>\n\t\t\t\t\t<\/div>\n\t\t<\/section>\n\t\t\t\t<\/div>\n\t\t","protected":false},"excerpt":{"rendered":"","protected":false},"author":1,"featured_media":0,"parent":1205,"menu_order":0,"comment_status":"closed","ping_status":"closed","template":"blog","meta":{"footnotes":""},"class_list":["post-1911","page","type-page","status-publish","hentry"],"translation":{"provider":"WPGlobus","version":"3.0.0","language":"us","enabled_languages":["vi","us"],"languages":{"vi":{"title":true,"content":false,"excerpt":false},"us":{"title":false,"content":false,"excerpt":false}}},"_links":{"self":[{"href":"https:\/\/maybanhangtudong.evend.vn\/us\/wp-json\/wp\/v2\/pages\/1911"}],"collection":[{"href":"https:\/\/maybanhangtudong.evend.vn\/us\/wp-json\/wp\/v2\/pages"}],"about":[{"href":"https:\/\/maybanhangtudong.evend.vn\/us\/wp-json\/wp\/v2\/types\/page"}],"author":[{"embeddable":true,"href":"https:\/\/maybanhangtudong.evend.vn\/us\/wp-json\/wp\/v2\/users\/1"}],"replies":[{"embeddable":true,"href":"https:\/\/maybanhangtudong.evend.vn\/us\/wp-json\/wp\/v2\/comments?post=1911"}],"version-history":[{"count":11,"href":"https:\/\/maybanhangtudong.evend.vn\/us\/wp-json\/wp\/v2\/pages\/1911\/revisions"}],"predecessor-version":[{"id":2006,"href":"https:\/\/maybanhangtudong.evend.vn\/us\/wp-json\/wp\/v2\/pages\/1911\/revisions\/2006"}],"up":[{"embeddable":true,"href":"https:\/\/maybanhangtudong.evend.vn\/us\/wp-json\/wp\/v2\/pages\/1205"}],"wp:attachment":[{"href":"https:\/\/maybanhangtudong.evend.vn\/us\/wp-json\/wp\/v2\/media?parent=1911"}],"curies":[{"name":"wp","href":"https:\/\/api.w.org\/{rel}","templated":true}]}}