{"id":1424,"date":"2025-07-16T14:10:12","date_gmt":"2025-07-16T07:10:12","guid":{"rendered":"https:\/\/maybanhangtudong.evend.vn\/?page_id=1424"},"modified":"2025-07-16T14:15:56","modified_gmt":"2025-07-16T07:15:56","slug":"chinh-sach-hoan-tien","status":"publish","type":"page","link":"https:\/\/maybanhangtudong.evend.vn\/us\/chinh-sach-hoan-tien\/","title":{"rendered":"Ch\u00ednh s\u00e1ch ho\u00e0n ti\u1ec1n"},"content":{"rendered":"<p><span style=\"font-size: 18px; color: #000000;\"><em><strong>1. Ti\u1ec1n d\u01b0:<\/strong><\/em><\/span><\/p>\n<p><span style=\"font-size: 18px; color: #000000;\">Ti\u1ec1n t\u1ec7 v\u00e0 m\u1ec7nh gi\u00e1 \u0111\u01b0\u1ee3c ch\u1ea5p nh\u1eadn b\u1edfi M\u00e1y t\u1ed1i thi\u1ec3u l\u00e0 VND 1,000. Trong tr\u01b0\u1eddng h\u1ee3p Kh\u00e1ch H\u00e0ng c\u00f2n ti\u1ec1n d\u01b0 sau khi \u0111\u00e3 th\u1ef1c hi\u1ec7n giao d\u1ecbch. Kh\u00e1ch h\u00e0ng c\u00f3 th\u1ec3 l\u1ef1a ch\u1ecdn 1 trong c\u00e1c h\u00ecnh th\u1ee9c sau:<\/span><\/p>\n<p><span style=\"font-size: 18px; color: #000000;\">a. Thao t\u00e1c ch\u1ecdn ch\u1ee9c n\u0103ng th\u1ed1i ti\u1ec1n tr\u00ean M\u00e1y<\/span><\/p>\n<p><span style=\"font-size: 18px; color: #000000;\">b. Nh\u1eadp s\u1ed1 \u0111i\u1ec7n tho\u1ea1i \u0111\u1ec3 n\u1ea1p ti\u1ec1n \u0111i\u1ec7n tho\u1ea1i ho\u1eb7c n\u1ea1p ti\u1ec1n v\u00e0o t\u00e0i kho\u1ea3n EVEND.<\/span><\/p>\n<p><span style=\"font-size: 18px; color: #000000;\">c. Ti\u1ebfp t\u1ee5c mua h\u00e0ng.<\/span><\/p>\n<p><span style=\"font-size: 18px; color: #000000;\"><em><strong>2. Ch\u00ednh s\u00e1ch ho\u00e0n ti\u1ec1n:<\/strong><\/em><\/span><\/p>\n<p><span style=\"font-size: 18px; color: #000000;\">C\u00f4ng Ty ch\u1ec9 ho\u00e0n ti\u1ec1n cho kh\u00e1ch h\u00e0ng khi \u0111\u1ea1t \u0111\u1ee7 2 \u0111i\u1ec1u ki\u1ec7n sau:<\/span><\/p>\n<p><span style=\"font-size: 18px; color: #000000;\">a. Kh\u00e1ch H\u00e0ng ho\u00e0n to\u00e0n tu\u00e2n th\u1ee7 h\u01b0\u1edbng d\u1eabn s\u1eed d\u1ee5ng in tr\u00ean M\u00e1y<\/span><\/p>\n<p><span style=\"font-size: 18px; color: #000000;\">b. C\u00f4ng Ty nh\u1eadn \u0111\u01b0\u1ee3c y\u00eau c\u1ea7u ho\u00e0n ti\u1ec1n t\u1eeb Kh\u00e1ch H\u00e0ng trong v\u00f2ng 30 ng\u00e0y k\u1ec3 t\u1eeb ng\u00e0y x\u1ea3y ra s\u1ef1 vi\u1ec7c. Nh\u1eefng tr\u01b0\u1eddng h\u1ee3p kh\u00e1c s\u1ebd kh\u00f4ng \u0111\u01b0\u1ee3c xem x\u00e9t \u0111\u1ec3 ho\u00e0n ti\u1ec1n.<\/span><\/p>\n<p><span style=\"font-size: 18px; color: #000000;\">Trong tr\u01b0\u1eddng h\u1ee3p giao d\u1ecbch mua s\u1ea3n ph\u1ea9m v\u00e0\/ho\u1eb7c d\u1ecbch v\u1ee5 c\u1ee7a M\u00e1y kh\u00f4ng th\u00e0nh c\u00f4ng v\u00ec l\u00fd do k\u1ef9 thu\u1eadt c\u1ee7a M\u00e1y v\u00e0\/ho\u1eb7c ch\u1ea5t l\u01b0\u1ee3ng s\u1ea3n ph\u1ea9m kh\u00f4ng \u0111\u00fang nh\u01b0 m\u00f4 t\u1ea3, Kh\u00e1ch H\u00e0ng c\u00f3 th\u1ec3 g\u1ecdi \u0111\u01b0\u1eddng d\u00e2y n\u00f3ng c\u1ee7a c\u00f4ng ty &#8211;<\/span><\/p>\n<p><span style=\"font-size: 18px; color: #000000;\">Hotline: <strong>1900 3101<\/strong> ho\u1eb7c g\u1eedi th\u01b0 v\u1ec1 E-mail: <strong>contact@evend.vn<\/strong> \u0111\u1ec3 \u0111\u01b0\u1ee3c h\u1ed7 tr\u1ee3.<\/span><\/p>\n","protected":false},"excerpt":{"rendered":"<p>1. Ti\u1ec1n d\u01b0: Ti\u1ec1n t\u1ec7 v\u00e0 m\u1ec7nh gi\u00e1 \u0111\u01b0\u1ee3c ch\u1ea5p nh\u1eadn b\u1edfi M\u00e1y t\u1ed1i thi\u1ec3u l\u00e0 VND 1,000. Trong tr\u01b0\u1eddng h\u1ee3p Kh\u00e1ch H\u00e0ng c\u00f2n ti\u1ec1n d\u01b0 sau khi \u0111\u00e3 th\u1ef1c hi\u1ec7n giao d\u1ecbch. Kh\u00e1ch h\u00e0ng c\u00f3 th\u1ec3 l\u1ef1a ch\u1ecdn 1 trong c\u00e1c h\u00ecnh th\u1ee9c sau: a. Thao t\u00e1c ch\u1ecdn ch\u1ee9c n\u0103ng th\u1ed1i ti\u1ec1n tr\u00ean M\u00e1y [&hellip;]<\/p>\n","protected":false},"author":1,"featured_media":0,"parent":0,"menu_order":0,"comment_status":"closed","ping_status":"closed","template":"","meta":{"footnotes":""},"class_list":["post-1424","page","type-page","status-publish","hentry"],"translation":{"provider":"WPGlobus","version":"3.0.0","language":"us","enabled_languages":["vi","us"],"languages":{"vi":{"title":true,"content":true,"excerpt":false},"us":{"title":false,"content":false,"excerpt":false}}},"_links":{"self":[{"href":"https:\/\/maybanhangtudong.evend.vn\/us\/wp-json\/wp\/v2\/pages\/1424"}],"collection":[{"href":"https:\/\/maybanhangtudong.evend.vn\/us\/wp-json\/wp\/v2\/pages"}],"about":[{"href":"https:\/\/maybanhangtudong.evend.vn\/us\/wp-json\/wp\/v2\/types\/page"}],"author":[{"embeddable":true,"href":"https:\/\/maybanhangtudong.evend.vn\/us\/wp-json\/wp\/v2\/users\/1"}],"replies":[{"embeddable":true,"href":"https:\/\/maybanhangtudong.evend.vn\/us\/wp-json\/wp\/v2\/comments?post=1424"}],"version-history":[{"count":3,"href":"https:\/\/maybanhangtudong.evend.vn\/us\/wp-json\/wp\/v2\/pages\/1424\/revisions"}],"predecessor-version":[{"id":1434,"href":"https:\/\/maybanhangtudong.evend.vn\/us\/wp-json\/wp\/v2\/pages\/1424\/revisions\/1434"}],"wp:attachment":[{"href":"https:\/\/maybanhangtudong.evend.vn\/us\/wp-json\/wp\/v2\/media?parent=1424"}],"curies":[{"name":"wp","href":"https:\/\/api.w.org\/{rel}","templated":true}]}}