{"id":1146,"date":"2023-04-27T16:42:31","date_gmt":"2023-04-27T09:42:31","guid":{"rendered":"https:\/\/maybanhangtudong.evend.vn\/?page_id=1146"},"modified":"2023-04-27T16:42:31","modified_gmt":"2023-04-27T09:42:31","slug":"survey","status":"publish","type":"page","link":"https:\/\/maybanhangtudong.evend.vn\/us\/survey\/","title":{"rendered":"KH\u1ea2O S\u00c1T"},"content":{"rendered":"<main class=\"wp-block-group alignfull site-content has-background has-global-padding is-layout-constrained wp-block-group-is-layout-constrained\" style=\"background:linear-gradient(180deg,rgb(14,21,31) 0%,rgb(14,21,31) 73%,rgb(249,250,253) 73%,rgb(249,250,253) 100%);margin-top:0\"><div class=\"wp-block-cover alignfull\"><span aria-hidden=\"true\" class=\"wp-block-cover__background has-header-footer-background-color has-background-dim-60 has-background-dim\"><\/span><img decoding=\"async\" class=\"wp-block-cover__image-background wp-image-5614\" alt=\"\" src=\"https:\/\/maybanhangtudong.evend.vn\/wp-content\/themes\/uniblock\/assets\/images\/Rectangle-49.png\" style=\"object-position:50% 50%\" data-object-fit=\"cover\" data-object-position=\"50% 50%\"\/><div class=\"wp-block-cover__inner-container is-layout-flow wp-block-cover-is-layout-flow\"><div class=\"wp-block-group is-style-default has-global-padding is-layout-constrained wp-container-core-group-is-layout-1 wp-block-group-is-layout-constrained\"><div style=\"height:88px\" aria-hidden=\"true\" class=\"wp-block-spacer\"><\/div>\n\n<div class=\"quote\" style=\"background: rgba(124,206,209, 0.5);z-index: 22;border-radius: 15px;\"><p class=\"has-text-align-center has-text-color has-background has-space-grotesk-font-family\" style=\"font-style:normal;font-weight:600;color:white;font-size:36px;\">KH\u1ea2O S\u00c1T<\/p><\/div>\n\n<p><\/p>\n\n<div style=\"height:63px\" aria-hidden=\"true\" class=\"wp-block-spacer\"><\/div><\/div><\/div><\/div><\/main><div class=\"wp-block-columns is-layout-flex wp-container-core-columns-is-layout-1 wp-block-columns-is-layout-flex\"><div class=\"wp-block-column is-layout-flow wp-block-column-is-layout-flow\"><div class=\"wp-block-contact-form-7-contact-form-selector\">\n<div class=\"wpcf7 no-js\" id=\"wpcf7-f1149-o1\" lang=\"en-US\" dir=\"ltr\">\n<div class=\"screen-reader-response\"><p role=\"status\" aria-live=\"polite\" aria-atomic=\"true\"><\/p> <ul><\/ul><\/div>\n<form action=\"\/us\/wp-json\/wp\/v2\/pages\/1146#wpcf7-f1149-o1\" method=\"post\" class=\"wpcf7-form init\" aria-label=\"Contact form\" novalidate=\"novalidate\" data-status=\"init\">\n<div style=\"display: none;\">\n<input type=\"hidden\" name=\"_wpcf7\" value=\"1149\" \/>\n<input type=\"hidden\" name=\"_wpcf7_version\" value=\"5.9.8\" \/>\n<input type=\"hidden\" name=\"_wpcf7_locale\" value=\"en_US\" \/>\n<input type=\"hidden\" name=\"_wpcf7_unit_tag\" value=\"wpcf7-f1149-o1\" \/>\n<input type=\"hidden\" name=\"_wpcf7_container_post\" value=\"0\" \/>\n<input type=\"hidden\" name=\"_wpcf7_posted_data_hash\" value=\"\" \/>\n<input type=\"hidden\" name=\"_wpcf7_recaptcha_response\" value=\"\" \/>\n<\/div>\n<p><label> H\u1ecd T\u00ean<br \/>\n<span class=\"wpcf7-form-control-wrap\" data-name=\"your-name\"><input size=\"40\" maxlength=\"400\" class=\"wpcf7-form-control wpcf7-text wpcf7-validates-as-required\" aria-required=\"true\" aria-invalid=\"false\" value=\"\" type=\"text\" name=\"your-name\" \/><\/span> <\/label>\n<\/p>\n<p><label> M\u00e3 c\u1ed9ng t\u00e1c vi\u00ean<br \/>\n<span class=\"wpcf7-form-control-wrap\" data-name=\"your-code\"><input size=\"40\" maxlength=\"400\" class=\"wpcf7-form-control wpcf7-text wpcf7-validates-as-required\" aria-required=\"true\" aria-invalid=\"false\" value=\"\" type=\"text\" name=\"your-code\" \/><\/span> <\/label>\n<\/p>\n<p><label> S\u1ed1 \u0111i\u1ec7n tho\u1ea1i<br \/>\n<span class=\"wpcf7-form-control-wrap\" data-name=\"your-phone\"><input size=\"40\" maxlength=\"400\" class=\"wpcf7-form-control wpcf7-tel wpcf7-validates-as-required wpcf7-text wpcf7-validates-as-tel\" aria-required=\"true\" aria-invalid=\"false\" value=\"\" type=\"tel\" name=\"your-phone\" \/><\/span> <\/label>\n<\/p>\n<fieldset>\n\t<legend>Survey Form\n\t<\/legend>\n\t<p><br \/>\nVui l\u00f2ng gi\u00fap ch\u00fang t\u00f4i ph\u1ee5c v\u1ee5 b\u1ea1n t\u1ed1t h\u01a1n b\u1eb1ng c\u00e1ch ho\u00e0n th\u00e0nh kh\u1ea3o s\u00e1t n\u00e0y. Kh\u1ea3o s\u00e1t s\u1ebd m\u1ea5t kho\u1ea3ng 5 ph\u00fat \u0111\u1ec3 ho\u00e0n th\u00e0nh.\n\t<\/p>\n\t<ol style=\"list-style-position: outside;margin: 4%; padding: 0;\">\n\t\t<li>\n\t\t\t<p>Khu v\u1ef1c \u0111\u1eb7t m\u00e1y<br \/>\n<span class=\"wpcf7-form-control-wrap\" data-name=\"cf7s-survey1\"><span class=\"wpcf7-form-control wpcf7-radio\"><span class=\"wpcf7-list-item first\"><input type=\"radio\" name=\"cf7s-survey1\" value=\"Qu\u1eadn trung t\u00e2m: 1, 3\" checked=\"checked\" \/><span class=\"wpcf7-list-item-label\">Qu\u1eadn trung t\u00e2m: 1, 3<\/span><\/span><span class=\"wpcf7-list-item\"><input type=\"radio\" name=\"cf7s-survey1\" value=\"Qu\u1eadn n\u1ed9i th\u00e0nh: 4, 5, 6, 7, 10, 11, B\u00ecnh Th\u1ea1nh, T\u00e2n B\u00ecnh\" \/><span class=\"wpcf7-list-item-label\">Qu\u1eadn n\u1ed9i th\u00e0nh: 4, 5, 6, 7, 10, 11, B\u00ecnh Th\u1ea1nh, T\u00e2n B\u00ecnh<\/span><\/span><span class=\"wpcf7-list-item\"><input type=\"radio\" name=\"cf7s-survey1\" value=\"Qu\u1eadn ngo\u1ea1i th\u00e0nh: 8, 12, TP.Th\u1ee7 \u0110\u1ee9c, B\u00ecnh T\u00e2n, T\u00e2n Ph\u00fa\" \/><span class=\"wpcf7-list-item-label\">Qu\u1eadn ngo\u1ea1i th\u00e0nh: 8, 12, TP.Th\u1ee7 \u0110\u1ee9c, B\u00ecnh T\u00e2n, T\u00e2n Ph\u00fa<\/span><\/span><span class=\"wpcf7-list-item last\"><input type=\"radio\" name=\"cf7s-survey1\" value=\"Huy\u1ec7n ngo\u1ea1i th\u00e0nh\" \/><span class=\"wpcf7-list-item-label\">Huy\u1ec7n ngo\u1ea1i th\u00e0nh<\/span><\/span><\/span><\/span>\n\t\t\t<\/p>\n\t\t<\/li>\n\t\t<li>\n\t\t\t<p>Lo\u1ea1i \u0111\u1ecba \u0111i\u1ec3m :<br \/>\n<span class=\"wpcf7-form-control-wrap\" data-name=\"cf7s-survey2\"><span class=\"wpcf7-form-control wpcf7-radio\"><span class=\"wpcf7-list-item first\"><input type=\"radio\" name=\"cf7s-survey2\" value=\"V\u0103n ph\u00f2ng\" checked=\"checked\" \/><span class=\"wpcf7-list-item-label\">V\u0103n ph\u00f2ng<\/span><\/span><span class=\"wpcf7-list-item\"><input type=\"radio\" name=\"cf7s-survey2\" value=\"Tr\u01b0\u1eddng h\u1ecdc\" \/><span class=\"wpcf7-list-item-label\">Tr\u01b0\u1eddng h\u1ecdc<\/span><\/span><span class=\"wpcf7-list-item\"><input type=\"radio\" name=\"cf7s-survey2\" value=\"B\u1ec7nh vi\u1ec7n, ph\u00f2ng kh\u00e1m\" \/><span class=\"wpcf7-list-item-label\">B\u1ec7nh vi\u1ec7n, ph\u00f2ng kh\u00e1m<\/span><\/span><span class=\"wpcf7-list-item\"><input type=\"radio\" name=\"cf7s-survey2\" value=\"Khu c\u00f4ng nghi\u1ec7p\" \/><span class=\"wpcf7-list-item-label\">Khu c\u00f4ng nghi\u1ec7p<\/span><\/span><span class=\"wpcf7-list-item\"><input type=\"radio\" name=\"cf7s-survey2\" value=\"Trung t\u00e2m th\u01b0\u01a1ng m\u1ea1i\" \/><span class=\"wpcf7-list-item-label\">Trung t\u00e2m th\u01b0\u01a1ng m\u1ea1i<\/span><\/span><span class=\"wpcf7-list-item\"><input type=\"radio\" name=\"cf7s-survey2\" value=\"Khu v\u1ef1c c\u00f4ng c\u1ed9ng\" \/><span class=\"wpcf7-list-item-label\">Khu v\u1ef1c c\u00f4ng c\u1ed9ng<\/span><\/span><span class=\"wpcf7-list-item last\"><input type=\"radio\" name=\"cf7s-survey2\" value=\"Khu d\u00e2n c\u01b0\/Chung c\u01b0\" \/><span class=\"wpcf7-list-item-label\">Khu d\u00e2n c\u01b0\/Chung c\u01b0<\/span><\/span><\/span><\/span>\n\t\t\t<\/p>\n\t\t<\/li>\n\t\t<li>\n\t\t\t<p>S\u1ed1 l\u01b0\u1ee3ng con ng\u01b0\u1eddi d\u1ef1 ki\u1ebfn<br \/>\n<span class=\"wpcf7-form-control-wrap\" data-name=\"cf7s-survey3\"><span class=\"wpcf7-form-control wpcf7-radio\"><span class=\"wpcf7-list-item first\"><input type=\"radio\" name=\"cf7s-survey3\" value=\"D\u01b0\u1edbi 100 kh\u00e1ch\" checked=\"checked\" \/><span class=\"wpcf7-list-item-label\">D\u01b0\u1edbi 100 kh\u00e1ch<\/span><\/span><span class=\"wpcf7-list-item\"><input type=\"radio\" name=\"cf7s-survey3\" value=\"100 \u0111\u1ebfn 200 kh\u00e1ch\" \/><span class=\"wpcf7-list-item-label\">100 \u0111\u1ebfn 200 kh\u00e1ch<\/span><\/span><span class=\"wpcf7-list-item last\"><input type=\"radio\" name=\"cf7s-survey3\" value=\"tr\u00ean 200 kh\u00e1ch\" \/><span class=\"wpcf7-list-item-label\">tr\u00ean 200 kh\u00e1ch<\/span><\/span><\/span><\/span>\n\t\t\t<\/p>\n\t\t<\/li>\n\t\t<li>\n\t\t\t<p>V\u1ecb tr\u00ed \u0111\u1eb7t m\u00e1y<br \/>\n<span class=\"wpcf7-form-control-wrap\" data-name=\"cf7s-survey4\"><span class=\"wpcf7-form-control wpcf7-radio\"><span class=\"wpcf7-list-item first\"><input type=\"radio\" name=\"cf7s-survey4\" value=\"Khu v\u1ef1c ra v\u00e0o (n\u1ed9i khu)\" checked=\"checked\" \/><span class=\"wpcf7-list-item-label\">Khu v\u1ef1c ra v\u00e0o (n\u1ed9i khu)<\/span><\/span><span class=\"wpcf7-list-item\"><input type=\"radio\" name=\"cf7s-survey4\" value=\"Khu v\u1ef1c c\u00f4ng c\u1ed9ng (n\u1eb1m ngo\u00e0i , c\u00f3 th\u1ec3 kh\u00e1ch ph\u00eda ngo\u00e0i mua \u0111\u01b0\u1ee3c)\" \/><span class=\"wpcf7-list-item-label\">Khu v\u1ef1c c\u00f4ng c\u1ed9ng (n\u1eb1m ngo\u00e0i , c\u00f3 th\u1ec3 kh\u00e1ch ph\u00eda ngo\u00e0i mua \u0111\u01b0\u1ee3c)<\/span><\/span><span class=\"wpcf7-list-item\"><input type=\"radio\" name=\"cf7s-survey4\" value=\"Khu v\u1ef1c n\u1ed9i b\u1ed9 c\u00e1c ph\u00f2ng\" \/><span class=\"wpcf7-list-item-label\">Khu v\u1ef1c n\u1ed9i b\u1ed9 c\u00e1c ph\u00f2ng<\/span><\/span><span class=\"wpcf7-list-item last\"><input type=\"radio\" name=\"cf7s-survey4\" value=\"V\u1ecb tr\u00ed kh\u00e1c theo y\u00eau c\u1ea7u\" \/><span class=\"wpcf7-list-item-label\">V\u1ecb tr\u00ed kh\u00e1c theo y\u00eau c\u1ea7u<\/span><\/span><\/span><\/span>\n\t\t\t<\/p>\n\t\t<\/li>\n\t\t<li>\n\t\t\t<p>H\u00ecnh \u1ea3nh v\u1ecb tr\u00ed (m\u1ed9t ho\u1eb7c nhi\u1ec1u h\u00ecnh \u1ea3nh) [multifile multifile-633 limit:3mb filetypes:jpg|jpeg|png]\n\t\t\t<\/p>\n\t\t<\/li>\n\t\t<li>\n\t\t\t<p>X\u1ebfp h\u1ea1ng v\u1ecb tr\u00ed<br \/>\n<span class=\"wpcf7-form-control-wrap\" data-name=\"cf7s-survey5\"><span class=\"wpcf7-form-control wpcf7-radio\"><span class=\"wpcf7-list-item first\"><input type=\"radio\" name=\"cf7s-survey5\" value=\"A\" checked=\"checked\" \/><span class=\"wpcf7-list-item-label\">A<\/span><\/span><span class=\"wpcf7-list-item\"><input type=\"radio\" name=\"cf7s-survey5\" value=\"B\" \/><span class=\"wpcf7-list-item-label\">B<\/span><\/span><span class=\"wpcf7-list-item last\"><input type=\"radio\" name=\"cf7s-survey5\" value=\"C\" \/><span class=\"wpcf7-list-item-label\">C<\/span><\/span><\/span><\/span>\n\t\t\t<\/p>\n\t\t<\/li>\n\t<\/ol>\n<\/fieldset>\n<p>Ch\u00fang t\u00f4i r\u1ea5t tr\u00e2n tr\u1ecdng th\u1eddi gian b\u1ea1n b\u1ecf ra l\u00e0m kh\u1ea3o s\u00e1t v\u00e0 s\u1ebd li\u00ean h\u1ec7 b\u1ea1n trong th\u1eddi gian s\u1edbm nh\u1ea5t.\n<\/p>\n<p><input class=\"wpcf7-form-control wpcf7-submit has-spinner\" type=\"submit\" value=\"Submit\" \/>\n<\/p><div class=\"wpcf7-response-output\" aria-hidden=\"true\"><\/div>\n<\/form>\n<\/div>\n<\/div><\/div><\/div>","protected":false},"excerpt":{"rendered":"","protected":false},"author":1,"featured_media":0,"parent":0,"menu_order":0,"comment_status":"closed","ping_status":"closed","template":"no-title","meta":{"footnotes":""},"class_list":["post-1146","page","type-page","status-publish","hentry"],"translation":{"provider":"WPGlobus","version":"3.0.0","language":"us","enabled_languages":["vi","us"],"languages":{"vi":{"title":true,"content":true,"excerpt":false},"us":{"title":false,"content":false,"excerpt":false}}},"_links":{"self":[{"href":"https:\/\/maybanhangtudong.evend.vn\/us\/wp-json\/wp\/v2\/pages\/1146"}],"collection":[{"href":"https:\/\/maybanhangtudong.evend.vn\/us\/wp-json\/wp\/v2\/pages"}],"about":[{"href":"https:\/\/maybanhangtudong.evend.vn\/us\/wp-json\/wp\/v2\/types\/page"}],"author":[{"embeddable":true,"href":"https:\/\/maybanhangtudong.evend.vn\/us\/wp-json\/wp\/v2\/users\/1"}],"replies":[{"embeddable":true,"href":"https:\/\/maybanhangtudong.evend.vn\/us\/wp-json\/wp\/v2\/comments?post=1146"}],"version-history":[{"count":11,"href":"https:\/\/maybanhangtudong.evend.vn\/us\/wp-json\/wp\/v2\/pages\/1146\/revisions"}],"predecessor-version":[{"id":1158,"href":"https:\/\/maybanhangtudong.evend.vn\/us\/wp-json\/wp\/v2\/pages\/1146\/revisions\/1158"}],"wp:attachment":[{"href":"https:\/\/maybanhangtudong.evend.vn\/us\/wp-json\/wp\/v2\/media?parent=1146"}],"curies":[{"name":"wp","href":"https:\/\/api.w.org\/{rel}","templated":true}]}}